{"id":681,"date":"2021-08-31T20:33:17","date_gmt":"2021-08-31T19:33:17","guid":{"rendered":"http:\/\/endn.fr\/?page_id=681"},"modified":"2021-11-28T21:21:47","modified_gmt":"2021-11-28T20:21:47","slug":"endn","status":"publish","type":"page","link":"https:\/\/endn.fr\/","title":{"rendered":"Sarl ENdN"},"content":{"rendered":"\n<p>La Sarl ENdN remercie chacun(e) de ses client(e)s, fournisseurs et confr\u00e8res\/consoeurs rencontr\u00e9(e) depuis sa cr\u00e9ation en 2008 en \u00e9lectricit\u00e9 g\u00e9n\u00e9rale du b\u00e2timent.<br>En septembre 2021, l&rsquo;entreprise change d&rsquo;activit\u00e9 et propose ses services en r\u00e9paration et entretien en couverture du b\u00e2timent.<\/p>\n\n\n\n<p>Ce site s\u2019\u00e9toffera les prochains mois. Plus d&rsquo;informations sur : <a href=\"http:\/\/www.attila.fr\" data-type=\"URL\" data-id=\"www.attila.fr\">www.attila.fr<\/a><br>A tr\u00e8s bient\u00f4t sur vos chantiers !<br><br><br>Fr\u00e9d\u00e9ric RENAULD<em><br>g\u00e9rant<\/em><br><br><em><strong>ENdN \/ ATTILA Bernay<br><\/strong>Entreprise ind\u00e9pendante, membre du r\u00e9seau ATTILA.<br>2, rue du commandant Malrait<br>ZAC des granges<br>27300 BERNAY<br>02 35 62 42 90<br><a href=\"mailto:bernay@attila.fr\">bernay@attila.fr<\/a><\/em><br><\/p>\n\n\n\n<p><\/p>\n\n\n\n<figure class=\"wp-block-image size-large is-style-default\"><a href=\"https:\/\/www.attila.fr\/\"><img loading=\"lazy\" width=\"1024\" height=\"718\" src=\"http:\/\/endn.fr\/wp-content\/uploads\/2021\/08\/Logo-ATTILA-vertical-1024x718.png\" alt=\"\" class=\"wp-image-661\" srcset=\"https:\/\/endn.fr\/wp-content\/uploads\/2021\/08\/Logo-ATTILA-vertical-1024x718.png 1024w, https:\/\/endn.fr\/wp-content\/uploads\/2021\/08\/Logo-ATTILA-vertical-300x210.png 300w, https:\/\/endn.fr\/wp-content\/uploads\/2021\/08\/Logo-ATTILA-vertical-768x538.png 768w, https:\/\/endn.fr\/wp-content\/uploads\/2021\/08\/Logo-ATTILA-vertical-1536x1077.png 1536w, https:\/\/endn.fr\/wp-content\/uploads\/2021\/08\/Logo-ATTILA-vertical-2048x1436.png 2048w, https:\/\/endn.fr\/wp-content\/uploads\/2021\/08\/Logo-ATTILA-vertical-150x105.png 150w\" sizes=\"(max-width: 1024px) 100vw, 1024px\" \/><\/a><\/figure>\n","protected":false},"excerpt":{"rendered":"<p>La Sarl ENdN remercie chacun(e) de ses client(e)s, fournisseurs et confr\u00e8res\/consoeurs rencontr\u00e9(e) depuis sa cr\u00e9ation en 2008 en \u00e9lectricit\u00e9 g\u00e9n\u00e9rale du b\u00e2timent.En septembre 2021, l&rsquo;entreprise change d&rsquo;activit\u00e9 et propose ses services en r\u00e9paration et entretien en couverture du b\u00e2timent. Ce site s\u2019\u00e9toffera les prochains mois. Plus d&rsquo;informations sur : www.attila.frA tr\u00e8s bient\u00f4t sur vos chantiers&#8230;<\/p>\n","protected":false},"author":1,"featured_media":0,"parent":0,"menu_order":0,"comment_status":"closed","ping_status":"closed","template":"","meta":[],"_links":{"self":[{"href":"https:\/\/endn.fr\/index.php\/wp-json\/wp\/v2\/pages\/681"}],"collection":[{"href":"https:\/\/endn.fr\/index.php\/wp-json\/wp\/v2\/pages"}],"about":[{"href":"https:\/\/endn.fr\/index.php\/wp-json\/wp\/v2\/types\/page"}],"author":[{"embeddable":true,"href":"https:\/\/endn.fr\/index.php\/wp-json\/wp\/v2\/users\/1"}],"replies":[{"embeddable":true,"href":"https:\/\/endn.fr\/index.php\/wp-json\/wp\/v2\/comments?post=681"}],"version-history":[{"count":9,"href":"https:\/\/endn.fr\/index.php\/wp-json\/wp\/v2\/pages\/681\/revisions"}],"predecessor-version":[{"id":696,"href":"https:\/\/endn.fr\/index.php\/wp-json\/wp\/v2\/pages\/681\/revisions\/696"}],"wp:attachment":[{"href":"https:\/\/endn.fr\/index.php\/wp-json\/wp\/v2\/media?parent=681"}],"curies":[{"name":"wp","href":"https:\/\/api.w.org\/{rel}","templated":true}]}}